{"id":3401,"date":"2023-01-25T09:56:17","date_gmt":"2023-01-25T09:56:17","guid":{"rendered":"https:\/\/dbiletisim.com\/portfolio\/"},"modified":"2023-01-25T09:56:18","modified_gmt":"2023-01-25T09:56:18","slug":"portfolio","status":"publish","type":"page","link":"https:\/\/dbiletisim.com\/en\/portfolio\/","title":{"rendered":"Portfolio"},"content":{"rendered":"<div class=\"wp-block-visual-portfolio\">\n<div class=\"vp-portfolio vp-uid-521dfa65 vp-id-a7f3f9c3\"\n\tdata-vp-layout=\"tiles\" data-vp-content-source=\"post-based\" data-vp-items-style=\"fade\" data-vp-items-click-action=\"url\" data-vp-items-gap=\"30\" data-vp-items-gap-vertical=\"\" data-vp-pagination=\"paged\" data-vp-next-page-url=\"\" data-vp-tiles-type=\"3|1,1|\" >\n\t<div class=\"vp-portfolio__preloader-wrap\">\n\t\t<div class=\"vp-portfolio__preloader\">\n\t\t\t<img decoding=\"async\" loading=\"eager\" src=\"https:\/\/dbiletisim.com\/wp-content\/plugins\/visual-portfolio\/assets\/images\/logo-dark.svg\" alt=\"Visual Portfolio, Posts &amp; Image Gallery for WordPress\" width=\"20\" height=\"20\" data-skip-lazy>\n\t\t<\/div>\n\t<\/div>\n\t\t<div class=\"vp-portfolio__items-wrap\">\n\t\t\t\n<div class=\"vp-portfolio__items vp-portfolio__items-style-fade vp-portfolio__items-show-overlay-hover\">\n\n\t\t<article\t\tclass=\"vp-portfolio__item-wrap post-2856 page type-page status-publish hentry vp-portfolio__item-uid-76d2d895\" data-vp-filter=\"\" \t\t>\n\t\t\t\t\t\t\t\t\t<figure class=\"vp-portfolio__item\">\n\t\t\t\t\n<div class=\"vp-portfolio__item-img-wrap\">\n\t<div class=\"vp-portfolio__item-img\">\n\t\t\t<a\n\t\thref=\"https:\/\/dbiletisim.com\/en\/\"\n\t\taria-label=\"Anasayfa\" \t>\n\t\n\t\t<img fetchpriority=\"high\" decoding=\"async\" width=\"1201\" height=\"900\" src=\"https:\/\/dbiletisim.com\/wp-content\/uploads\/visual-portfolio\/placeholder.png\" class=\"wp-image-3403\" alt=\"\" srcset=\"https:\/\/dbiletisim.com\/wp-content\/uploads\/visual-portfolio\/placeholder.png 1201w, https:\/\/dbiletisim.com\/wp-content\/uploads\/visual-portfolio\/placeholder-300x225.png 300w, https:\/\/dbiletisim.com\/wp-content\/uploads\/visual-portfolio\/placeholder-1024x767.png 1024w, https:\/\/dbiletisim.com\/wp-content\/uploads\/visual-portfolio\/placeholder-768x576.png 768w, https:\/\/dbiletisim.com\/wp-content\/uploads\/visual-portfolio\/placeholder-500x375.png 500w, https:\/\/dbiletisim.com\/wp-content\/uploads\/visual-portfolio\/placeholder-800x600.png 800w\" sizes=\"(max-width: 1201px) 100vw, 1201px\" \/>\n\t\t<\/a>\t<\/div>\n<\/div>\n\t<figcaption class=\"vp-portfolio__item-overlay vp-portfolio__item-overlay-text-align-center\">\n\t\t<div class=\"vp-portfolio__item-meta-wrap vp-portfolio__custom-scrollbar\">\n\t\t\t\t<a\n\t\thref=\"https:\/\/dbiletisim.com\/en\/\"\n\t\ttabindex=\"-1\" class=\"vp-portfolio__item-meta\" aria-label=\"Anasayfa\" \t>\n\t\n<h2 class=\"vp-portfolio__item-meta-title\">\n\tAnasayfa<\/h2>\n<\/a>\t\t<\/div>\n\t<\/figcaption>\n\t\t\t<\/figure>\n\t\t\t\t\t<\/article>\n\t\t\n<\/div>\n\t\t<\/div>\n\t\t\t\t<div class=\"vp-portfolio__layout-elements vp-portfolio__layout-elements-bottom vp-portfolio__layout-elements-align-center\">\n\t\t\t\t<div class=\"vp-portfolio__pagination-wrap\">\n\t\t\t\t<\/div>\n\t\t\t\t<\/div>\n\t\t\n<\/div>\n<\/div>","protected":false},"excerpt":{"rendered":"<p><img decoding=\"async\" width=\"270\" height=\"10\" src=\"https:\/\/dbiletisim.com\/wp-content\/uploads\/2023\/01\/line.png\" alt=\"\" \/>\t\t\t\t\t\t\t\t\t\t\t\t\t\t\t<\/p>\n<h2>ABOUT US<\/h2>\n<p>\t\t\t\t\t\t\t\t\t\t\t\t\t\t\t<img decoding=\"async\" src=\"https:\/\/dbiletisim.com\/wp-content\/uploads\/2023\/01\/line-gri.png\" title=\"line-gri\" alt=\"line-gri\" loading=\"lazy\" \/>\t\t\t\t\t\t\t\t\t\t\t\t\t\t\t<\/p>\n<p>Our existence story began in 1994.<br \/>We have tracked the way of doing different things, from that day to today.<br \/>Sometimes things went beyond being work, it became \"love\".<br \/>We pioneered unusual concepts and untouched ideas.<br \/>Art\u0131k yarat\u0131c\u0131 ruhu &#8221; dijital d\u00fcnyan\u0131n s\u0131n\u0131rs\u0131z\u00a0yetenekleriyle &hellip;<\/p>","protected":false},"author":1,"featured_media":0,"parent":0,"menu_order":0,"comment_status":"closed","ping_status":"closed","template":"","meta":{"_vp_format_video_url":"","_vp_image_focal_point":[],"footnotes":""},"class_list":["post-3401","page","type-page","status-publish","hentry"],"acf":[],"aioseo_notices":[],"_links":{"self":[{"href":"https:\/\/dbiletisim.com\/en\/wp-json\/wp\/v2\/pages\/3401","targetHints":{"allow":["GET"]}}],"collection":[{"href":"https:\/\/dbiletisim.com\/en\/wp-json\/wp\/v2\/pages"}],"about":[{"href":"https:\/\/dbiletisim.com\/en\/wp-json\/wp\/v2\/types\/page"}],"author":[{"embeddable":true,"href":"https:\/\/dbiletisim.com\/en\/wp-json\/wp\/v2\/users\/1"}],"replies":[{"embeddable":true,"href":"https:\/\/dbiletisim.com\/en\/wp-json\/wp\/v2\/comments?post=3401"}],"version-history":[{"count":1,"href":"https:\/\/dbiletisim.com\/en\/wp-json\/wp\/v2\/pages\/3401\/revisions"}],"predecessor-version":[{"id":3402,"href":"https:\/\/dbiletisim.com\/en\/wp-json\/wp\/v2\/pages\/3401\/revisions\/3402"}],"wp:attachment":[{"href":"https:\/\/dbiletisim.com\/en\/wp-json\/wp\/v2\/media?parent=3401"}],"curies":[{"name":"wp","href":"https:\/\/api.w.org\/{rel}","templated":true}]}}